{"id":79,"date":"2011-08-16T13:37:19","date_gmt":"2011-08-16T13:37:19","guid":{"rendered":"http:\/\/www.fotoschorcht-atelier.de\/wordpress\/?page_id=79"},"modified":"2011-08-17T11:53:15","modified_gmt":"2011-08-17T11:53:15","slug":"startseite","status":"publish","type":"page","link":"http:\/\/www.fotoschorcht-atelier.de\/?page_id=79","title":{"rendered":"\u00dcber uns"},"content":{"rendered":"<h5>Ihr Spezialist rund um die Fotografie<br \/>\nseit 65 Jahren<\/h5>\n<p>Die Firma Foto Schorcht GmbH existiert seit 1946 mit Hauptsitz in G\u00fctersloh und wird nun in dritter Generation von Catharina Schorcht gef\u00fchrt.<\/p>\n<p>In den Gesch\u00e4ften in G\u00fctersloh, Wiedenbr\u00fcck, Oelde, Warendorf und Bielefeld finden Sie eine gro\u00dfe Auswahl an digitalen Kompakt &#8211; und Spiegelreflexkameras samt Zubeh\u00f6r.<br \/>\nEbenso bieten wir ein breites Sortiment Rahmen und Alben an.<\/p>\n<p>Alle Gesch\u00e4fte verf\u00fcgen \u00fcber ein modernes Fotoatelier.<br \/>\nDie qualitativ hochwertigen Fotoabz\u00fcge werden in unserem eigenen Profilabor gefertigt.<\/p>\n<p>Unsere kompetenten Mitarbeiter beraten Sie gerne pers\u00f6nlich zu Ihrem individuellen Fotoshooting.<br \/>\nVereinbaren Sie einen Termin mit uns, wir freuen uns auf Sie!<\/p>\n","protected":false},"excerpt":{"rendered":"<p>Ihr Spezialist rund um die Fotografie seit 65 Jahren Die Firma Foto Schorcht GmbH existiert seit 1946 mit Hauptsitz in G\u00fctersloh und wird nun in dritter Generation von Catharina Schorcht gef\u00fchrt. In den Gesch\u00e4ften in G\u00fctersloh, Wiedenbr\u00fcck, Oelde, Warendorf und Bielefeld finden Sie eine gro\u00dfe Auswahl an digitalen Kompakt &#8211; und Spiegelreflexkameras samt Zubeh\u00f6r. Ebenso bieten wir ein breites Sortiment Rahmen und Alben an. Alle Gesch\u00e4fte verf\u00fcgen \u00fcber ein modernes Fotoatelier. Die qualitativ hochwertigen Fotoabz\u00fcge werden in unserem eigenen Profilabor gefertigt. Unsere kompetenten Mitarbeiter beraten Sie gerne pers\u00f6nlich zu Ihrem individuellen Fotoshooting. Vereinbaren Sie einen Termin mit uns, wir freuen uns auf Sie!<\/p>\n","protected":false},"author":1,"featured_media":0,"parent":0,"menu_order":0,"comment_status":"closed","ping_status":"closed","template":"","meta":[],"_links":{"self":[{"href":"http:\/\/www.fotoschorcht-atelier.de\/index.php?rest_route=\/wp\/v2\/pages\/79"}],"collection":[{"href":"http:\/\/www.fotoschorcht-atelier.de\/index.php?rest_route=\/wp\/v2\/pages"}],"about":[{"href":"http:\/\/www.fotoschorcht-atelier.de\/index.php?rest_route=\/wp\/v2\/types\/page"}],"author":[{"embeddable":true,"href":"http:\/\/www.fotoschorcht-atelier.de\/index.php?rest_route=\/wp\/v2\/users\/1"}],"replies":[{"embeddable":true,"href":"http:\/\/www.fotoschorcht-atelier.de\/index.php?rest_route=%2Fwp%2Fv2%2Fcomments&post=79"}],"version-history":[{"count":14,"href":"http:\/\/www.fotoschorcht-atelier.de\/index.php?rest_route=\/wp\/v2\/pages\/79\/revisions"}],"predecessor-version":[{"id":466,"href":"http:\/\/www.fotoschorcht-atelier.de\/index.php?rest_route=\/wp\/v2\/pages\/79\/revisions\/466"}],"wp:attachment":[{"href":"http:\/\/www.fotoschorcht-atelier.de\/index.php?rest_route=%2Fwp%2Fv2%2Fmedia&parent=79"}],"curies":[{"name":"wp","href":"https:\/\/api.w.org\/{rel}","templated":true}]}}